{"id":1590,"date":"2022-06-27T19:09:54","date_gmt":"2022-06-28T00:09:54","guid":{"rendered":"http:\/\/policychex.seven.zysites.com\/?page_id=1590"},"modified":"2026-01-14T10:51:49","modified_gmt":"2026-01-14T16:51:49","slug":"gracias-por-su-solicitud-de-cotizacion","status":"publish","type":"page","link":"https:\/\/www.policychex.com\/es\/gracias-por-su-solicitud-de-cotizacion\/","title":{"rendered":"Gracias por su solicitud de cotizaci\u00f3n"},"content":{"rendered":"<p>Gracias por solicitar una cotizaci\u00f3n. Nuestra agencia espera poder brindarle una cotizaci\u00f3n competitiva para una p\u00f3liza integral. Uno de nuestros agentes se pondr\u00e1 en contacto con usted con respecto a su solicitud lo antes posible.<\/p>\n<p>Si tiene preguntas o necesita actualizar su solicitud de cotizaci\u00f3n, no dude en comunicarse con nuestra agencia al <strong>714-255-5135<\/strong>.<\/p>\n","protected":false},"excerpt":{"rendered":"<p>Gracias por solicitar una cotizaci\u00f3n. Nuestra agencia espera poder brindarle una cotizaci\u00f3n competitiva para una p\u00f3liza integral. Uno de nuestros [&hellip;]<\/p>\n","protected":false},"author":69,"featured_media":0,"parent":0,"menu_order":0,"comment_status":"open","ping_status":"open","template":"","meta":{"_acf_changed":false,"_seopress_robots_primary_cat":"","_seopress_titles_title":"","_seopress_titles_desc":"","_seopress_robots_index":"","_analytify_skip_tracking":false,"footnotes":""},"class_list":["post-1590","page","type-page","status-publish","hentry"],"acf":[],"_links":{"self":[{"href":"https:\/\/www.policychex.com\/es\/wp-json\/wp\/v2\/pages\/1590","targetHints":{"allow":["GET"]}}],"collection":[{"href":"https:\/\/www.policychex.com\/es\/wp-json\/wp\/v2\/pages"}],"about":[{"href":"https:\/\/www.policychex.com\/es\/wp-json\/wp\/v2\/types\/page"}],"author":[{"embeddable":true,"href":"https:\/\/www.policychex.com\/es\/wp-json\/wp\/v2\/users\/69"}],"replies":[{"embeddable":true,"href":"https:\/\/www.policychex.com\/es\/wp-json\/wp\/v2\/comments?post=1590"}],"version-history":[{"count":0,"href":"https:\/\/www.policychex.com\/es\/wp-json\/wp\/v2\/pages\/1590\/revisions"}],"wp:attachment":[{"href":"https:\/\/www.policychex.com\/es\/wp-json\/wp\/v2\/media?parent=1590"}],"curies":[{"name":"wp","href":"https:\/\/api.w.org\/{rel}","templated":true}]}}